{"id":141,"date":"2019-09-15T20:23:06","date_gmt":"2019-09-16T01:23:06","guid":{"rendered":"https:\/\/www.fincabuenosairessalento.com\/web\/?page_id=141"},"modified":"2025-09-11T21:58:35","modified_gmt":"2025-09-12T02:58:35","slug":"quienes-somos","status":"publish","type":"page","link":"https:\/\/fincabuenosairessalento.com\/web\/quienes-somos\/","title":{"rendered":"Qui\u00e9nes somos"},"content":{"rendered":"<p>[et_pb_section fb_built=\u00bb1&#8243; _builder_version=\u00bb4.27.4&#8243; _module_preset=\u00bbdefault\u00bb background_color=\u00bb#600e00&#8243; background_image=\u00bbhttps:\/\/fincabuenosairessalento.com\/web\/wp-content\/uploads\/2025\/09\/Gallery-1-fincabuenosairessalento-15.jpg\u00bb background_mask_position=\u00bbtop_center\u00bb custom_padding=\u00bb126px||130px||false|false\u00bb hover_enabled=\u00bb0&#8243; global_colors_info=\u00bb{}\u00bb background_blend=\u00bbmultiply\u00bb title_text=\u00bbGallery-1-fincabuenosairessalento (15)\u00bb sticky_enabled=\u00bb0&#8243;][et_pb_row _builder_version=\u00bb4.16&#8243; _module_preset=\u00bbdefault\u00bb global_colors_info=\u00bb{}\u00bb][et_pb_column type=\u00bb4_4&#8243; _builder_version=\u00bb4.16&#8243; _module_preset=\u00bbdefault\u00bb global_colors_info=\u00bb{}\u00bb][et_pb_text _builder_version=\u00bb4.27.4&#8243; _module_preset=\u00bbdefault\u00bb header_font=\u00bbOswald|700||on|||||\u00bb header_text_color=\u00bb#FFFFFF\u00bb header_font_size=\u00bb4vw\u00bb header_font_size_tablet=\u00bb6vw\u00bb header_font_size_phone=\u00bb8vw\u00bb header_font_size_last_edited=\u00bbon|desktop\u00bb global_colors_info=\u00bb{}\u00bb]<\/p>\n<h1>Con\u00f3cenos<\/h1>\n<p>[\/et_pb_text][\/et_pb_column][\/et_pb_row][\/et_pb_section][et_pb_section fb_built=\u00bb1&#8243; specialty=\u00bbon\u00bb _builder_version=\u00bb4.16&#8243; _module_preset=\u00bbdefault\u00bb custom_padding=\u00bb80px|||||\u00bb global_colors_info=\u00bb{}\u00bb][et_pb_column type=\u00bb1_2&#8243; _builder_version=\u00bb4.16&#8243; custom_padding=\u00bb|||\u00bb global_colors_info=\u00bb{}\u00bb custom_padding__hover=\u00bb|||\u00bb][et_pb_image src=\u00bbhttps:\/\/fincabuenosairessalento.com\/web\/wp-content\/uploads\/2025\/09\/Galeria-home-3.jpg\u00bb title_text=\u00bbGaleria-home-3&#8243; _builder_version=\u00bb4.27.4&#8243; _module_preset=\u00bbdefault\u00bb global_colors_info=\u00bb{}\u00bb][\/et_pb_image][\/et_pb_column][et_pb_column type=\u00bb1_2&#8243; specialty_columns=\u00bb2&#8243; _builder_version=\u00bb4.16&#8243; custom_padding=\u00bb|||\u00bb global_colors_info=\u00bb{}\u00bb custom_padding__hover=\u00bb|||\u00bb][et_pb_row_inner _builder_version=\u00bb4.16&#8243; _module_preset=\u00bbdefault\u00bb global_colors_info=\u00bb{}\u00bb][et_pb_column_inner saved_specialty_column_type=\u00bb1_2&#8243; _builder_version=\u00bb4.16&#8243; _module_preset=\u00bbdefault\u00bb global_colors_info=\u00bb{}\u00bb][et_pb_text _builder_version=\u00bb4.27.4&#8243; _module_preset=\u00bbdefault\u00bb header_font=\u00bbOswald|500||on|||||\u00bb header_text_color=\u00bb#600e00&#8243; header_font_size=\u00bb4vw\u00bb header_font_size_tablet=\u00bb6vw\u00bb header_font_size_phone=\u00bb8vw\u00bb header_font_size_last_edited=\u00bbon|desktop\u00bb border_width_bottom=\u00bb5px\u00bb border_color_bottom=\u00bb#600e00&#8243; global_colors_info=\u00bb{}\u00bb]<\/p>\n<h1>Misi\u00f3n<\/h1>\n<p>[\/et_pb_text][et_pb_text _builder_version=\u00bb4.16&#8243; _module_preset=\u00bbdefault\u00bb text_font=\u00bbPoppins|300|||||||\u00bb text_orientation=\u00bbjustified\u00bb global_colors_info=\u00bb{}\u00bb]<\/p>\n<p><span data-contrast=\"auto\" class=\"TextRun  BCX0 SCXW223702369\" xml:lang=\"ES-CO\" lang=\"ES-CO\"><span class=\"NormalTextRun  BCX0 SCXW223702369\">A trav\u00e9s de un recorrido por la cultura y la tradici\u00f3n cafetera, brindar a los visitantes la posibilidad de conocer las pr\u00e1cticas artesanales en los procesos de recolecci\u00f3n, selecci\u00f3n y transformaci\u00f3n del caf\u00e9; asimismo, la innovaci\u00f3n que \u00e9stas han vivido para alcanzar altos est\u00e1ndares de calidad, que posicionan al caf\u00e9 colombiano como uno de los m\u00e1s exquisitos del mundo. Toda esta experiencia es enriquecida por uno de los mejores paisajes culturales y naturales del mundo.<\/span><\/span><span class=\"EOP  BCX0 SCXW223702369\" data-ccp-props=\"{&quot;134233279&quot;:true,&quot;201341983&quot;:0,&quot;335559685&quot;:720,&quot;335559739&quot;:160,&quot;335559740&quot;:259}\">\u00a0<\/span><\/p>\n<p>[\/et_pb_text][et_pb_image src=\u00bbhttps:\/\/fincabuenosairessalento.com\/web\/wp-content\/uploads\/2020\/11\/logo-FincaBuenosAiresSalento-1-150&#215;87-1.png\u00bb title_text=\u00bblogo-FincaBuenosAiresSalento-1-150&#215;87&#8243; align=\u00bbcenter\u00bb _builder_version=\u00bb4.16&#8243; _module_preset=\u00bbdefault\u00bb global_colors_info=\u00bb{}\u00bb][\/et_pb_image][\/et_pb_column_inner][\/et_pb_row_inner][\/et_pb_column][\/et_pb_section][et_pb_section fb_built=\u00bb1&#8243; specialty=\u00bbon\u00bb _builder_version=\u00bb4.16&#8243; _module_preset=\u00bbdefault\u00bb global_colors_info=\u00bb{}\u00bb][et_pb_column type=\u00bb1_2&#8243; specialty_columns=\u00bb2&#8243; _builder_version=\u00bb4.16&#8243; custom_padding=\u00bb|||\u00bb global_colors_info=\u00bb{}\u00bb custom_padding__hover=\u00bb|||\u00bb][et_pb_row_inner _builder_version=\u00bb4.16&#8243; _module_preset=\u00bbdefault\u00bb custom_padding=\u00bb40px|||||\u00bb global_colors_info=\u00bb{}\u00bb][et_pb_column_inner saved_specialty_column_type=\u00bb1_2&#8243; _builder_version=\u00bb4.16&#8243; _module_preset=\u00bbdefault\u00bb global_colors_info=\u00bb{}\u00bb][et_pb_text _builder_version=\u00bb4.16&#8243; _module_preset=\u00bbdefault\u00bb header_font=\u00bbOswald|500||on|||||\u00bb header_text_color=\u00bb#600e00&#8243; header_font_size=\u00bb4vw\u00bb header_font_size_tablet=\u00bb6vw\u00bb header_font_size_phone=\u00bb8vw\u00bb header_font_size_last_edited=\u00bbon|desktop\u00bb border_width_bottom=\u00bb5px\u00bb border_color_bottom=\u00bb#600e00&#8243; global_colors_info=\u00bb{}\u00bb]<\/p>\n<h1>visi\u00f3n<\/h1>\n<p>[\/et_pb_text][et_pb_text _builder_version=\u00bb4.16&#8243; _module_preset=\u00bbdefault\u00bb text_font=\u00bbPoppins|300|||||||\u00bb text_orientation=\u00bbjustified\u00bb global_colors_info=\u00bb{}\u00bb]<\/p>\n<p><span data-contrast=\"auto\" class=\"TextRun  BCX0 SCXW57592888\" xml:lang=\"ES-CO\" lang=\"ES-CO\"><span class=\"NormalTextRun  BCX0 SCXW57592888\">Consolidarnos como una empresa agrotur\u00edstica que desarrolla y aplica altos est\u00e1ndares de calidad para la producci\u00f3n y exportaci\u00f3n de caf\u00e9, desarrollando productos y servicios tur\u00edsticos que conservan las costumbres y tradiciones propias del Paisaje Cultural Cafetero.\u00a0<\/span><\/span><span class=\"EOP  BCX0 SCXW57592888\" data-ccp-props=\"{&quot;134233279&quot;:true,&quot;201341983&quot;:0,&quot;335559685&quot;:720,&quot;335559739&quot;:160,&quot;335559740&quot;:259}\">\u00a0<\/span><\/p>\n<p>[\/et_pb_text][et_pb_image src=\u00bbhttps:\/\/fincabuenosairessalento.com\/web\/wp-content\/uploads\/2020\/11\/logo-FincaBuenosAiresSalento-1-150&#215;87-1.png\u00bb title_text=\u00bblogo-FincaBuenosAiresSalento-1-150&#215;87&#8243; align=\u00bbcenter\u00bb _builder_version=\u00bb4.16&#8243; _module_preset=\u00bbdefault\u00bb global_colors_info=\u00bb{}\u00bb][\/et_pb_image][\/et_pb_column_inner][\/et_pb_row_inner][\/et_pb_column][et_pb_column type=\u00bb1_2&#8243; _builder_version=\u00bb4.16&#8243; custom_padding=\u00bb|||\u00bb global_colors_info=\u00bb{}\u00bb custom_padding__hover=\u00bb|||\u00bb][et_pb_image src=\u00bbhttps:\/\/fincabuenosairessalento.com\/web\/wp-content\/uploads\/2025\/09\/Galeria-home-4.jpg\u00bb title_text=\u00bbGaleria-home-4&#8243; _builder_version=\u00bb4.27.4&#8243; _module_preset=\u00bbdefault\u00bb global_colors_info=\u00bb{}\u00bb][\/et_pb_image][\/et_pb_column][\/et_pb_section]<\/p>\n","protected":false},"excerpt":{"rendered":"<p>Con\u00f3cenosMisi\u00f3nA trav\u00e9s de un recorrido por la cultura y la tradici\u00f3n cafetera, brindar a los visitantes la posibilidad de conocer las pr\u00e1cticas artesanales en los procesos de recolecci\u00f3n, selecci\u00f3n y transformaci\u00f3n del caf\u00e9; asimismo, la innovaci\u00f3n que \u00e9stas han vivido para alcanzar altos est\u00e1ndares de calidad, que posicionan al caf\u00e9 colombiano como uno de los [&hellip;]<\/p>\n","protected":false},"author":1,"featured_media":0,"parent":0,"menu_order":0,"comment_status":"closed","ping_status":"closed","template":"","meta":{"_et_pb_use_builder":"on","_et_pb_old_content":"","_et_gb_content_width":"","_joinchat":[],"footnotes":""},"class_list":["post-141","page","type-page","status-publish","hentry"],"_links":{"self":[{"href":"https:\/\/fincabuenosairessalento.com\/web\/wp-json\/wp\/v2\/pages\/141","targetHints":{"allow":["GET"]}}],"collection":[{"href":"https:\/\/fincabuenosairessalento.com\/web\/wp-json\/wp\/v2\/pages"}],"about":[{"href":"https:\/\/fincabuenosairessalento.com\/web\/wp-json\/wp\/v2\/types\/page"}],"author":[{"embeddable":true,"href":"https:\/\/fincabuenosairessalento.com\/web\/wp-json\/wp\/v2\/users\/1"}],"replies":[{"embeddable":true,"href":"https:\/\/fincabuenosairessalento.com\/web\/wp-json\/wp\/v2\/comments?post=141"}],"version-history":[{"count":16,"href":"https:\/\/fincabuenosairessalento.com\/web\/wp-json\/wp\/v2\/pages\/141\/revisions"}],"predecessor-version":[{"id":2389,"href":"https:\/\/fincabuenosairessalento.com\/web\/wp-json\/wp\/v2\/pages\/141\/revisions\/2389"}],"wp:attachment":[{"href":"https:\/\/fincabuenosairessalento.com\/web\/wp-json\/wp\/v2\/media?parent=141"}],"curies":[{"name":"wp","href":"https:\/\/api.w.org\/{rel}","templated":true}]}}