{"id":221,"date":"2019-09-16T12:48:45","date_gmt":"2019-09-16T17:48:45","guid":{"rendered":"https:\/\/www.fincabuenosairessalento.com\/web\/?page_id=221"},"modified":"2025-08-28T22:23:28","modified_gmt":"2025-08-29T03:23:28","slug":"coffee-tour","status":"publish","type":"page","link":"https:\/\/fincabuenosairessalento.com\/web\/coffee-tour\/","title":{"rendered":"Coffee Tour"},"content":{"rendered":"<p>[et_pb_section fb_built=\u00bb1&#8243; _builder_version=\u00bb4.27.4&#8243; _module_preset=\u00bbdefault\u00bb background_color=\u00bb#600e00&#8243; background_image=\u00bbhttps:\/\/fincabuenosairessalento.com\/web\/wp-content\/uploads\/2025\/08\/conocenos-21.jpg\u00bb background_enable_mask_style=\u00bbon\u00bb background_mask_style=\u00bbcorner-square\u00bb background_mask_color=\u00bb#600e00&#8243; background_mask_size=\u00bbcover\u00bb background_mask_position=\u00bbtop_center\u00bb custom_padding=\u00bb126px||130px||false|false\u00bb global_colors_info=\u00bb{}\u00bb][et_pb_row _builder_version=\u00bb4.16&#8243; _module_preset=\u00bbdefault\u00bb global_colors_info=\u00bb{}\u00bb][et_pb_column type=\u00bb4_4&#8243; _builder_version=\u00bb4.16&#8243; _module_preset=\u00bbdefault\u00bb global_colors_info=\u00bb{}\u00bb][et_pb_text _builder_version=\u00bb4.27.4&#8243; _module_preset=\u00bbdefault\u00bb text_font=\u00bbPoppins||||||||\u00bb text_text_color=\u00bb#FFFFFF\u00bb text_font_size=\u00bb18px\u00bb header_font=\u00bbOswald|700||on|||||\u00bb header_text_color=\u00bb#FFFFFF\u00bb header_font_size=\u00bb4vw\u00bb header_font_size_tablet=\u00bb6vw\u00bb header_font_size_phone=\u00bb8vw\u00bb header_font_size_last_edited=\u00bbon|desktop\u00bb global_colors_info=\u00bb{}\u00bb]<\/p>\n<h1>Coffee Tour<\/h1>\n<p>La ruta que despierta tus sentidos[\/et_pb_text][\/et_pb_column][\/et_pb_row][\/et_pb_section][et_pb_section fb_built=\u00bb1&#8243; _builder_version=\u00bb4.16&#8243; _module_preset=\u00bbdefault\u00bb custom_padding=\u00bb||1px|||\u00bb global_colors_info=\u00bb{}\u00bb][et_pb_row use_custom_gutter=\u00bbon\u00bb _builder_version=\u00bb4.16&#8243; _module_preset=\u00bbdefault\u00bb max_width=\u00bb600px\u00bb global_colors_info=\u00bb{}\u00bb][et_pb_column type=\u00bb4_4&#8243; _builder_version=\u00bb4.16&#8243; _module_preset=\u00bbdefault\u00bb global_colors_info=\u00bb{}\u00bb][et_pb_divider color=\u00bb#242424&#8243; divider_weight=\u00bb2px\u00bb _builder_version=\u00bb4.16&#8243; _module_preset=\u00bbdefault\u00bb width=\u00bb19%\u00bb module_alignment=\u00bbcenter\u00bb global_colors_info=\u00bb{}\u00bb][\/et_pb_divider][et_pb_text _builder_version=\u00bb4.16&#8243; _module_preset=\u00bbdefault\u00bb text_font=\u00bbPoppins|300|||||||\u00bb text_orientation=\u00bbcenter\u00bb global_colors_info=\u00bb{}\u00bb]<\/p>\n<p>Guiamos a los turistas en un recorrido por nuestros cultivos, evidenciando el proceso del caf\u00e9 en una buena relaci\u00f3n con la flora y fauna de nuestra regi\u00f3n.<\/p>\n<p>[\/et_pb_text][\/et_pb_column][\/et_pb_row][\/et_pb_section][et_pb_section fb_built=\u00bb1&#8243; _builder_version=\u00bb4.16&#8243; _module_preset=\u00bbdefault\u00bb custom_padding=\u00bb||0px|||\u00bb global_colors_info=\u00bb{}\u00bb][et_pb_row use_custom_gutter=\u00bbon\u00bb _builder_version=\u00bb4.16&#8243; _module_preset=\u00bbdefault\u00bb max_width=\u00bb600px\u00bb global_colors_info=\u00bb{}\u00bb][et_pb_column type=\u00bb4_4&#8243; _builder_version=\u00bb4.16&#8243; _module_preset=\u00bbdefault\u00bb global_colors_info=\u00bb{}\u00bb][et_pb_divider color=\u00bb#600e00&#8243; divider_weight=\u00bb2px\u00bb _builder_version=\u00bb4.27.4&#8243; _module_preset=\u00bbdefault\u00bb width=\u00bb19%\u00bb module_alignment=\u00bbcenter\u00bb global_colors_info=\u00bb{}\u00bb][\/et_pb_divider][et_pb_text _builder_version=\u00bb4.27.4&#8243; _module_preset=\u00bbdefault\u00bb text_font=\u00bbPoppins|300|||||||\u00bb header_2_font=\u00bbOswald|||on|||||\u00bb header_2_text_color=\u00bb#600e00&#8243; header_2_font_size=\u00bb4vw\u00bb text_orientation=\u00bbcenter\u00bb header_2_font_size_tablet=\u00bb6vw\u00bb header_2_font_size_phone=\u00bb8vw\u00bb header_2_font_size_last_edited=\u00bbon|desktop\u00bb global_colors_info=\u00bb{}\u00bb]<\/p>\n<h2>Etapas<\/h2>\n<p>[\/et_pb_text][\/et_pb_column][\/et_pb_row][\/et_pb_section][et_pb_section fb_built=\u00bb1&#8243; specialty=\u00bbon\u00bb _builder_version=\u00bb4.16&#8243; _module_preset=\u00bbdefault\u00bb global_colors_info=\u00bb{}\u00bb][et_pb_column type=\u00bb1_2&#8243; _builder_version=\u00bb4.16&#8243; custom_padding=\u00bb|||\u00bb global_colors_info=\u00bb{}\u00bb custom_padding__hover=\u00bb|||\u00bb][et_pb_image src=\u00bbhttps:\/\/fincabuenosairessalento.com\/web\/wp-content\/uploads\/2019\/09\/coffe-tour-finca-buenos-aires-salento-quindio-11-1.jpg\u00bb title_text=\u00bbcoffe-tour-finca-buenos-aires-salento-quindio-11&#8243; _builder_version=\u00bb4.16&#8243; _module_preset=\u00bbdefault\u00bb custom_margin=\u00bb16px|||||\u00bb global_colors_info=\u00bb{}\u00bb][\/et_pb_image][\/et_pb_column][et_pb_column type=\u00bb1_2&#8243; specialty_columns=\u00bb2&#8243; _builder_version=\u00bb4.16&#8243; custom_padding=\u00bb|||\u00bb global_colors_info=\u00bb{}\u00bb custom_padding__hover=\u00bb|||\u00bb][et_pb_row_inner _builder_version=\u00bb4.16&#8243; _module_preset=\u00bbdefault\u00bb global_colors_info=\u00bb{}\u00bb][et_pb_column_inner saved_specialty_column_type=\u00bb1_2&#8243; _builder_version=\u00bb4.16&#8243; _module_preset=\u00bbdefault\u00bb global_colors_info=\u00bb{}\u00bb][et_pb_text _builder_version=\u00bb4.16&#8243; _module_preset=\u00bbdefault\u00bb text_font=\u00bbPoppins|300|||||||\u00bb text_orientation=\u00bbjustified\u00bb custom_margin=\u00bb||19px|||\u00bb global_colors_info=\u00bb{}\u00bb]<\/p>\n<p><span data-contrast=\"auto\" class=\"TextRun SCXW84479859 BCX0\" xml:lang=\"ES-CO\" lang=\"ES-CO\"><span class=\"NormalTextRun SCXW84479859 BCX0\">Durante tu recorrido por nuestra finca podr\u00e1s hacer parte de las siguientes etapas:<\/span><\/span><span class=\"EOP SCXW84479859 BCX0\" data-ccp-props=\"{&quot;134233279&quot;:true,&quot;201341983&quot;:0,&quot;335559685&quot;:720,&quot;335559739&quot;:160,&quot;335559740&quot;:259}\">\u00a0<\/span><\/p>\n<p>[\/et_pb_text][et_pb_accordion open_toggle_text_color=\u00bb#600e00&#8243; open_toggle_background_color=\u00bb#ededed\u00bb closed_toggle_background_color=\u00bb#600e00&#8243; _builder_version=\u00bb4.27.4&#8243; _module_preset=\u00bbdefault\u00bb toggle_text_color=\u00bb#ffffff\u00bb toggle_font=\u00bbMontserrat|600|||||||\u00bb toggle_font_size=\u00bb14px\u00bb body_font=\u00bbPoppins|300|||||||\u00bb global_colors_info=\u00bb{}\u00bb][et_pb_accordion_item title=\u00bb1. Germinaci\u00f3n y siembra de chapola\u00bb open=\u00bbon\u00bb _builder_version=\u00bb4.16&#8243; _module_preset=\u00bbdefault\u00bb global_colors_info=\u00bb{}\u00bb]<\/p>\n<p><span data-contrast=\"auto\" class=\"TextRun  BCX0 SCXW14597324\" xml:lang=\"ES-CO\" lang=\"ES-CO\"><span class=\"NormalTextRun  BCX0 SCXW14597324\">Aqu\u00ed ser\u00e1s parte del inicio de la vida del caf\u00e9, sembrando una semilla, tambi\u00e9n conocida como chapola.<\/span><\/span><\/p>\n<p>[\/et_pb_accordion_item][et_pb_accordion_item title=\u00bb2. Caminando entre cafetales\u00bb _builder_version=\u00bb4.16&#8243; _module_preset=\u00bbdefault\u00bb global_colors_info=\u00bb{}\u00bb open=\u00bboff\u00bb]<\/p>\n<p><span data-contrast=\"auto\" class=\"TextRun  BCX0 SCXW236843041\" xml:lang=\"ES-CO\" lang=\"ES-CO\"><span class=\"NormalTextRun  BCX0 SCXW236843041\">Recorre frondosos cafetales quindianos donde podr\u00e1s identificar y conocer las variedades y las caracter\u00edsticas de este cultivo.<\/span><\/span><span class=\"EOP  BCX0 SCXW236843041\" data-ccp-props=\"{&quot;134233279&quot;:true,&quot;201341983&quot;:0,&quot;335559685&quot;:720,&quot;335559739&quot;:160,&quot;335559740&quot;:259}\">\u00a0<\/span><\/p>\n<p>[\/et_pb_accordion_item][et_pb_accordion_item title=\u00bb3. Miradores del Paisaje Cultural cafetero\u00bb _builder_version=\u00bb4.16&#8243; _module_preset=\u00bbdefault\u00bb global_colors_info=\u00bb{}\u00bb open=\u00bboff\u00bb]<\/p>\n<p><span data-contrast=\"auto\" class=\"TextRun  BCX0 SCXW11765141\" xml:lang=\"ES-CO\" lang=\"ES-CO\"><span class=\"NormalTextRun  BCX0 SCXW11765141\">M\u00e1gicos lugares donde podr\u00e1s apreciar los verdes paisajes cafeteros, amenizados por flora y fauna silvestre, el susurro de los guaduales y el canto de aves end\u00e9micas de la cordillera.<\/span><\/span><\/p>\n<p>[\/et_pb_accordion_item][et_pb_accordion_item title=\u00bb4. Recolecci\u00f3n del caf\u00e9\u00bb _builder_version=\u00bb4.16&#8243; _module_preset=\u00bbdefault\u00bb global_colors_info=\u00bb{}\u00bb open=\u00bboff\u00bb]<\/p>\n<p><span data-contrast=\"auto\" class=\"TextRun  BCX0 SCXW136162082\" xml:lang=\"ES-CO\" lang=\"ES-CO\"><span class=\"NormalTextRun  BCX0 SCXW136162082\">Para vivir una completa experiencia cafetera, participar\u00e1s de la recolecci\u00f3n del fruto maduro, donde aprender\u00e1s las t\u00e9cnicas tradicionales de los campesinos.<\/span><\/span><\/p>\n<p>[\/et_pb_accordion_item][et_pb_accordion_item title=\u00bb5.  Recepci\u00f3n del caf\u00e9 recolectado y despulpado\u00bb _builder_version=\u00bb4.16&#8243; _module_preset=\u00bbdefault\u00bb global_colors_info=\u00bb{}\u00bb open=\u00bboff\u00bb]<\/p>\n<p><span data-contrast=\"auto\" class=\"TextRun  BCX0 SCXW230320118\" xml:lang=\"ES-CO\" lang=\"ES-CO\"><span class=\"NormalTextRun  BCX0 SCXW230320118\">Una vez recogido el fruto maduro participar\u00e1s de una pr\u00e1ctica manual para sacar los granos, separando la c\u00e1scara y dej\u00e1ndolos listos para la pr\u00f3xima etapa.\u00a0<\/span><\/span><span class=\"EOP  BCX0 SCXW230320118\" data-ccp-props=\"{&quot;134233279&quot;:true,&quot;201341983&quot;:0,&quot;335559685&quot;:720,&quot;335559739&quot;:160,&quot;335559740&quot;:259}\">\u00a0<\/span><\/p>\n<p>[\/et_pb_accordion_item][et_pb_accordion_item title=\u00bb6.  Fermentado, secado y selecci\u00f3n del fruto\u00bb _builder_version=\u00bb4.16&#8243; _module_preset=\u00bbdefault\u00bb global_colors_info=\u00bb{}\u00bb open=\u00bboff\u00bb]<\/p>\n<p><span data-contrast=\"auto\" class=\"TextRun  BCX0 SCXW94424514\" xml:lang=\"ES-CO\" lang=\"ES-CO\"><span class=\"NormalTextRun  BCX0 SCXW94424514\">Con el grano listo y separado, ver\u00e1s la fermentaci\u00f3n, proceso que permite que el grano se enriquezca con aromas \u00fanicos.<\/span><\/span><\/p>\n<p>[\/et_pb_accordion_item][et_pb_accordion_item title=\u00bb7. Preparaci\u00f3n y degustaci\u00f3n interactiva del caf\u00e9\u00bb _builder_version=\u00bb4.16&#8243; _module_preset=\u00bbdefault\u00bb global_colors_info=\u00bb{}\u00bb open=\u00bboff\u00bb]<\/p>\n<p><span data-contrast=\"auto\" class=\"TextRun  BCX0 SCXW89625241\" xml:lang=\"ES-CO\" lang=\"ES-CO\"><span class=\"NormalTextRun  BCX0 SCXW89625241\">Al finalizar el recorrido podr\u00e1s deleitarte con aromas y sabores del caf\u00e9, aprender sobre distintos m\u00e9todos de preparaci\u00f3n, y a su vez comprender la diferencia entre un caf\u00e9 comercial y aquel denominado como \u201ccaf\u00e9 de origen\u201d.<\/span><\/span><span class=\"EOP  BCX0 SCXW89625241\" data-ccp-props=\"{&quot;134233279&quot;:true,&quot;201341983&quot;:0,&quot;335559685&quot;:720,&quot;335559739&quot;:160,&quot;335559740&quot;:259}\">\u00a0<\/span><\/p>\n<p>[\/et_pb_accordion_item][\/et_pb_accordion][\/et_pb_column_inner][\/et_pb_row_inner][\/et_pb_column][\/et_pb_section][et_pb_section fb_built=\u00bb1&#8243; _builder_version=\u00bb4.16&#8243; _module_preset=\u00bbdefault\u00bb custom_padding=\u00bb0px|||||\u00bb global_colors_info=\u00bb{}\u00bb][et_pb_row column_structure=\u00bb1_4,1_4,1_4,1_4&#8243; use_custom_gutter=\u00bbon\u00bb gutter_width=\u00bb1&#8243; _builder_version=\u00bb4.16&#8243; _module_preset=\u00bbdefault\u00bb width=\u00bb90%\u00bb max_width=\u00bb100%\u00bb global_colors_info=\u00bb{}\u00bb][et_pb_column type=\u00bb1_4&#8243; _builder_version=\u00bb4.16&#8243; _module_preset=\u00bbdefault\u00bb global_colors_info=\u00bb{}\u00bb][et_pb_image src=\u00bbhttps:\/\/fincabuenosairessalento.com\/web\/wp-content\/uploads\/2019\/09\/imagen-sembrado-de-cafe-finca-buenos-aires-salento-coffee-tour.jpg\u00bb title_text=\u00bbimagen-sembrado-de-cafe-finca-buenos-aires-salento-coffee-tour\u00bb _builder_version=\u00bb4.16&#8243; _module_preset=\u00bbdefault\u00bb global_colors_info=\u00bb{}\u00bb][\/et_pb_image][\/et_pb_column][et_pb_column type=\u00bb1_4&#8243; _builder_version=\u00bb4.16&#8243; _module_preset=\u00bbdefault\u00bb global_colors_info=\u00bb{}\u00bb][et_pb_image src=\u00bbhttps:\/\/fincabuenosairessalento.com\/web\/wp-content\/uploads\/2019\/09\/coffe-tour-finca-buenos-aires-salento-quindio-016-1.jpg\u00bb title_text=\u00bbcoffe-tour-finca-buenos-aires-salento-quindio-016&#8243; _builder_version=\u00bb4.16&#8243; _module_preset=\u00bbdefault\u00bb global_colors_info=\u00bb{}\u00bb][\/et_pb_image][\/et_pb_column][et_pb_column type=\u00bb1_4&#8243; _builder_version=\u00bb4.16&#8243; _module_preset=\u00bbdefault\u00bb global_colors_info=\u00bb{}\u00bb][et_pb_image src=\u00bbhttps:\/\/fincabuenosairessalento.com\/web\/wp-content\/uploads\/2019\/09\/coffe-tour-finca-buenos-aires-salento-quindio-1.jpg\u00bb title_text=\u00bbcoffe-tour-finca-buenos-aires-salento-quindio\u00bb _builder_version=\u00bb4.16&#8243; _module_preset=\u00bbdefault\u00bb global_colors_info=\u00bb{}\u00bb][\/et_pb_image][\/et_pb_column][et_pb_column type=\u00bb1_4&#8243; _builder_version=\u00bb4.16&#8243; _module_preset=\u00bbdefault\u00bb global_colors_info=\u00bb{}\u00bb][et_pb_image src=\u00bbhttps:\/\/fincabuenosairessalento.com\/web\/wp-content\/uploads\/2019\/09\/coffe-tour-finca-buenos-aires-salento-quindio-08.jpg\u00bb title_text=\u00bbcoffe-tour-finca-buenos-aires-salento-quindio-08&#8243; _builder_version=\u00bb4.16&#8243; _module_preset=\u00bbdefault\u00bb global_colors_info=\u00bb{}\u00bb][\/et_pb_image][\/et_pb_column][\/et_pb_row][\/et_pb_section]<\/p>\n","protected":false},"excerpt":{"rendered":"<p>Coffee Tour La ruta que despierta tus sentidosGuiamos a los turistas en un recorrido por nuestros cultivos, evidenciando el proceso del caf\u00e9 en una buena relaci\u00f3n con la flora y fauna de nuestra regi\u00f3n.EtapasDurante tu recorrido por nuestra finca podr\u00e1s hacer parte de las siguientes etapas:\u00a0Aqu\u00ed ser\u00e1s parte del inicio de la vida del caf\u00e9, [&hellip;]<\/p>\n","protected":false},"author":1,"featured_media":0,"parent":0,"menu_order":0,"comment_status":"closed","ping_status":"closed","template":"","meta":{"_et_pb_use_builder":"on","_et_pb_old_content":"","_et_gb_content_width":"","_joinchat":[],"footnotes":""},"class_list":["post-221","page","type-page","status-publish","hentry"],"_links":{"self":[{"href":"https:\/\/fincabuenosairessalento.com\/web\/wp-json\/wp\/v2\/pages\/221","targetHints":{"allow":["GET"]}}],"collection":[{"href":"https:\/\/fincabuenosairessalento.com\/web\/wp-json\/wp\/v2\/pages"}],"about":[{"href":"https:\/\/fincabuenosairessalento.com\/web\/wp-json\/wp\/v2\/types\/page"}],"author":[{"embeddable":true,"href":"https:\/\/fincabuenosairessalento.com\/web\/wp-json\/wp\/v2\/users\/1"}],"replies":[{"embeddable":true,"href":"https:\/\/fincabuenosairessalento.com\/web\/wp-json\/wp\/v2\/comments?post=221"}],"version-history":[{"count":11,"href":"https:\/\/fincabuenosairessalento.com\/web\/wp-json\/wp\/v2\/pages\/221\/revisions"}],"predecessor-version":[{"id":2302,"href":"https:\/\/fincabuenosairessalento.com\/web\/wp-json\/wp\/v2\/pages\/221\/revisions\/2302"}],"wp:attachment":[{"href":"https:\/\/fincabuenosairessalento.com\/web\/wp-json\/wp\/v2\/media?parent=221"}],"curies":[{"name":"wp","href":"https:\/\/api.w.org\/{rel}","templated":true}]}}