{"id":23,"date":"2019-09-13T15:14:56","date_gmt":"2019-09-13T20:14:56","guid":{"rendered":"https:\/\/www.fincabuenosairessalento.com\/web\/?page_id=23"},"modified":"2025-09-11T21:53:15","modified_gmt":"2025-09-12T02:53:15","slug":"contacto","status":"publish","type":"page","link":"https:\/\/fincabuenosairessalento.com\/web\/contacto\/","title":{"rendered":"Contacto"},"content":{"rendered":"<p>[et_pb_section fb_built=\u00bb1&#8243; _builder_version=\u00bb4.27.4&#8243; _module_preset=\u00bbdefault\u00bb background_color=\u00bb#600e00&#8243; background_image=\u00bbhttps:\/\/fincabuenosairessalento.com\/web\/wp-content\/uploads\/2025\/08\/section-2.jpg\u00bb background_mask_position=\u00bbtop_center\u00bb custom_padding=\u00bb126px||130px||false|false\u00bb hover_enabled=\u00bb0&#8243; global_colors_info=\u00bb{}\u00bb background_blend=\u00bbmultiply\u00bb sticky_enabled=\u00bb0&#8243;][et_pb_row _builder_version=\u00bb4.16&#8243; _module_preset=\u00bbdefault\u00bb global_colors_info=\u00bb{}\u00bb][et_pb_column type=\u00bb4_4&#8243; _builder_version=\u00bb4.16&#8243; _module_preset=\u00bbdefault\u00bb global_colors_info=\u00bb{}\u00bb][et_pb_text _builder_version=\u00bb4.27.4&#8243; _module_preset=\u00bbdefault\u00bb header_font=\u00bbOswald|700||on|||||\u00bb header_text_color=\u00bb#FFFFFF\u00bb header_font_size=\u00bb4vw\u00bb header_font_size_tablet=\u00bb6vw\u00bb header_font_size_phone=\u00bb8vw\u00bb header_font_size_last_edited=\u00bbon|desktop\u00bb global_colors_info=\u00bb{}\u00bb]<\/p>\n<h1>Cont\u00e1ctenos<\/h1>\n<p>[\/et_pb_text][\/et_pb_column][\/et_pb_row][\/et_pb_section][et_pb_section fb_built=\u00bb1&#8243; _builder_version=\u00bb4.16&#8243; _module_preset=\u00bbdefault\u00bb custom_padding=\u00bb||1px|||\u00bb global_colors_info=\u00bb{}\u00bb][et_pb_row use_custom_gutter=\u00bbon\u00bb _builder_version=\u00bb4.16&#8243; _module_preset=\u00bbdefault\u00bb max_width=\u00bb600px\u00bb global_colors_info=\u00bb{}\u00bb][et_pb_column type=\u00bb4_4&#8243; _builder_version=\u00bb4.16&#8243; _module_preset=\u00bbdefault\u00bb global_colors_info=\u00bb{}\u00bb][et_pb_divider color=\u00bb#600e00&#8243; divider_weight=\u00bb2px\u00bb _builder_version=\u00bb4.27.4&#8243; _module_preset=\u00bbdefault\u00bb width=\u00bb19%\u00bb module_alignment=\u00bbcenter\u00bb global_colors_info=\u00bb{}\u00bb][\/et_pb_divider][et_pb_text _builder_version=\u00bb4.16&#8243; _module_preset=\u00bbdefault\u00bb text_font=\u00bbPoppins|300|||||||\u00bb text_orientation=\u00bbcenter\u00bb global_colors_info=\u00bb{}\u00bb]\u00a1Un lugar m\u00e1gico! Estamos dedicados a la principal actividad de la regi\u00f3n.[\/et_pb_text][\/et_pb_column][\/et_pb_row][\/et_pb_section][et_pb_section fb_built=\u00bb1&#8243; specialty=\u00bbon\u00bb background_color_1=\u00bb#600e00&#8243; bg_img_1=\u00bbhttps:\/\/fincabuenosairessalento.com\/web\/wp-content\/uploads\/2019\/09\/coffee-item-10.jpg\u00bb background_blend_1=\u00bbmultiply\u00bb use_background_color_gradient_1=\u00bboff\u00bb padding_right_1=\u00bb20px\u00bb padding_left_1=\u00bb20px\u00bb padding_top_bottom_link_1=\u00bbfalse\u00bb padding_left_right_link_1=\u00bbtrue\u00bb _builder_version=\u00bb4.27.4&#8243; _module_preset=\u00bbdefault\u00bb global_colors_info=\u00bb{}\u00bb][et_pb_column type=\u00bb1_2&#8243; specialty_columns=\u00bb2&#8243; _builder_version=\u00bb4.16&#8243; custom_padding=\u00bb|||\u00bb global_colors_info=\u00bb{}\u00bb custom_padding__hover=\u00bb|||\u00bb][et_pb_row_inner _builder_version=\u00bb4.27.4&#8243; _module_preset=\u00bbdefault\u00bb global_colors_info=\u00bb{}\u00bb][et_pb_column_inner saved_specialty_column_type=\u00bb1_2&#8243; _builder_version=\u00bb4.16&#8243; _module_preset=\u00bbdefault\u00bb global_colors_info=\u00bb{}\u00bb][et_pb_text admin_label=\u00bbTittle\u00bb _builder_version=\u00bb4.27.4&#8243; text_font=\u00bbNunito||||||||\u00bb text_font_size=\u00bb18px\u00bb text_line_height=\u00bb1.8em\u00bb header_font=\u00bb||||||||\u00bb header_text_align=\u00bbcenter\u00bb header_3_font=\u00bbOswald|||on|||||\u00bb header_3_text_color=\u00bb#FFFFFF\u00bb header_3_font_size=\u00bb40px\u00bb header_3_line_height=\u00bb1.5em\u00bb max_width=\u00bb600px\u00bb max_width_tablet=\u00bb\u00bb max_width_phone=\u00bb\u00bb max_width_last_edited=\u00bbon|phone\u00bb module_alignment=\u00bbleft\u00bb custom_margin=\u00bb|||\u00bb locked=\u00bboff\u00bb global_colors_info=\u00bb{}\u00bb]<\/p>\n<h3>Visitanos<\/h3>\n<p>[\/et_pb_text][\/et_pb_column_inner][\/et_pb_row_inner][et_pb_row_inner column_structure=\u00bb1_2,1_2&#8243; use_custom_gutter=\u00bbon\u00bb gutter_width=\u00bb1&#8243; _builder_version=\u00bb4.16&#8243; _module_preset=\u00bbdefault\u00bb custom_padding=\u00bb4px|||||\u00bb global_colors_info=\u00bb{}\u00bb][et_pb_column_inner type=\u00bb1_2&#8243; saved_specialty_column_type=\u00bb1_2&#8243; _builder_version=\u00bb4.16&#8243; _module_preset=\u00bbdefault\u00bb global_colors_info=\u00bb{}\u00bb][et_pb_text _builder_version=\u00bb4.27.4&#8243; _module_preset=\u00bbdefault\u00bb link_text_color=\u00bb#FFFFFF\u00bb header_4_font=\u00bbOswald|300||on|||||\u00bb header_4_text_color=\u00bb#FFFFFF\u00bb custom_margin=\u00bb||8px|||\u00bb global_colors_info=\u00bb{}\u00bb]<\/p>\n<h4>Tel\u00e9fono<\/h4>\n<p><a href=\"tel:3172408335\">(+57) 317 240 8335<\/a>[\/et_pb_text][\/et_pb_column_inner][et_pb_column_inner type=\u00bb1_2&#8243; saved_specialty_column_type=\u00bb1_2&#8243; _builder_version=\u00bb4.16&#8243; _module_preset=\u00bbdefault\u00bb global_colors_info=\u00bb{}\u00bb][et_pb_text _builder_version=\u00bb4.16&#8243; _module_preset=\u00bbdefault\u00bb link_text_color=\u00bb#FFFFFF\u00bb header_4_font=\u00bbOswald|300||on|||||\u00bb header_4_text_color=\u00bb#FFFFFF\u00bb custom_margin=\u00bb||8px|||\u00bb global_colors_info=\u00bb{}\u00bb]<\/p>\n<h4>Correo Electr\u00f3nico<\/h4>\n<p><a href=\"mailto:info@fincabuenosairessalento.com\">info@fincabuenosairessalento.com<\/a>[\/et_pb_text][\/et_pb_column_inner][\/et_pb_row_inner][et_pb_row_inner column_structure=\u00bb1_2,1_2&#8243; use_custom_gutter=\u00bbon\u00bb gutter_width=\u00bb1&#8243; _builder_version=\u00bb4.16&#8243; _module_preset=\u00bbdefault\u00bb custom_padding=\u00bb5px|||||\u00bb global_colors_info=\u00bb{}\u00bb][et_pb_column_inner type=\u00bb1_2&#8243; saved_specialty_column_type=\u00bb1_2&#8243; _builder_version=\u00bb4.16&#8243; _module_preset=\u00bbdefault\u00bb global_colors_info=\u00bb{}\u00bb][et_pb_text _builder_version=\u00bb4.27.4&#8243; _module_preset=\u00bbdefault\u00bb text_text_color=\u00bb#FFFFFF\u00bb link_text_color=\u00bb#FFFFFF\u00bb header_4_font=\u00bbOswald|300||on|||||\u00bb header_4_text_color=\u00bb#FFFFFF\u00bb custom_margin=\u00bb||8px|||\u00bb global_colors_info=\u00bb{}\u00bb]<\/p>\n<h4>Horario de atenci\u00f3n<\/h4>\n<p>9: 00 AM &#8211; 3:30 PM<\/p>\n<p>[\/et_pb_text][\/et_pb_column_inner][et_pb_column_inner type=\u00bb1_2&#8243; saved_specialty_column_type=\u00bb1_2&#8243; _builder_version=\u00bb4.16&#8243; _module_preset=\u00bbdefault\u00bb global_colors_info=\u00bb{}\u00bb][et_pb_text _builder_version=\u00bb4.27.4&#8243; _module_preset=\u00bbdefault\u00bb text_font=\u00bbOswald|300||on|||||\u00bb text_text_color=\u00bb#FFFFFF\u00bb text_font_size=\u00bb18px\u00bb custom_margin=\u00bb||11px||false|false\u00bb custom_padding=\u00bb||||false|false\u00bb global_colors_info=\u00bb{}\u00bb]<\/p>\n<p>S\u00edguenos<\/p>\n<p>[\/et_pb_text][et_pb_text _builder_version=\u00bb4.27.4&#8243; _module_preset=\u00bbdefault\u00bb global_colors_info=\u00bb{}\u00bb]<\/p>\n<p><a href=\"https:\/\/www.facebook.com\/Finca.buenosaires.Salento.Quindio\/\" target=\"_blank\" rel=\"noopener noreferrer\"><img decoding=\"async\" src=\"https:\/\/fincabuenosairessalento.com\/web\/wp-content\/uploads\/2019\/09\/icono-facebook.png\" width=\"25\" height=\"auto\" alt=\"\" \/><\/a> <a href=\"https:\/\/www.tripadvisor.co\/Profile\/fincabuenosaires_S_Q?fid=c354fd62-121f-4ffb-b586-27a5f0e1a49b\" target=\"_blank\" rel=\"noopener noreferrer\"><img decoding=\"async\" src=\"https:\/\/fincabuenosairessalento.com\/web\/wp-content\/uploads\/2019\/09\/icono-tripadvisor.png\" width=\"25\" height=\"auto\" alt=\"\" \/><\/a> <a href=\"https:\/\/www.instagram.com\/finca_buenosaires\/?hl=es-la\" target=\"_blank\" rel=\"noopener noreferrer\"><img decoding=\"async\" src=\"https:\/\/fincabuenosairessalento.com\/web\/wp-content\/uploads\/2019\/09\/icono-instagram.png\" width=\"25\" height=\"auto\" alt=\"\" \/><\/a><\/p>\n<p>[\/et_pb_text][\/et_pb_column_inner][\/et_pb_row_inner][et_pb_row_inner use_custom_gutter=\u00bbon\u00bb gutter_width=\u00bb1&#8243; _builder_version=\u00bb4.16&#8243; _module_preset=\u00bbdefault\u00bb custom_padding=\u00bb5px||2px|||\u00bb global_colors_info=\u00bb{}\u00bb][et_pb_column_inner saved_specialty_column_type=\u00bb1_2&#8243; _builder_version=\u00bb4.16&#8243; _module_preset=\u00bbdefault\u00bb global_colors_info=\u00bb{}\u00bb][et_pb_text _builder_version=\u00bb4.27.4&#8243; _module_preset=\u00bbdefault\u00bb text_text_color=\u00bb#FFFFFF\u00bb link_text_color=\u00bb#FFFFFF\u00bb header_4_font=\u00bbOswald|300||on|||||\u00bb header_4_text_color=\u00bb#FFFFFF\u00bb custom_margin=\u00bb||8px|||\u00bb global_colors_info=\u00bb{}\u00bb]<\/p>\n<h4>Direcci\u00f3n<\/h4>\n<p>Vereda Llano Grande, a 2.5 Kil\u00f3metros de la autopista del caf\u00e9 por la vereda los pinos o a 6 kil\u00f3metros desde Salento por la vereda palestina<\/p>\n<p>[\/et_pb_text][\/et_pb_column_inner][\/et_pb_row_inner][et_pb_row_inner _builder_version=\u00bb4.16&#8243; _module_preset=\u00bbdefault\u00bb custom_padding=\u00bb3px|||||\u00bb global_colors_info=\u00bb{}\u00bb][et_pb_column_inner saved_specialty_column_type=\u00bb1_2&#8243; _builder_version=\u00bb4.16&#8243; _module_preset=\u00bbdefault\u00bb global_colors_info=\u00bb{}\u00bb][et_pb_image src=\u00bbhttps:\/\/fincabuenosairessalento.com\/web\/wp-content\/uploads\/2019\/09\/mapa.jpg\u00bb title_text=\u00bbmapa\u00bb url=\u00bbhttps:\/\/goo.gl\/maps\/7S5X18hqSnNaVg587&#8243; url_new_window=\u00bbon\u00bb _builder_version=\u00bb4.16&#8243; _module_preset=\u00bbdefault\u00bb global_colors_info=\u00bb{}\u00bb][\/et_pb_image][\/et_pb_column_inner][\/et_pb_row_inner][\/et_pb_column][et_pb_column type=\u00bb1_2&#8243; _builder_version=\u00bb4.16&#8243; custom_padding=\u00bb|||\u00bb global_colors_info=\u00bb{}\u00bb custom_padding__hover=\u00bb|||\u00bb][et_pb_text admin_label=\u00bbTittle\u00bb _builder_version=\u00bb4.27.4&#8243; text_font=\u00bbNunito||||||||\u00bb text_font_size=\u00bb18px\u00bb text_line_height=\u00bb1.8em\u00bb header_font=\u00bb||||||||\u00bb header_text_align=\u00bbcenter\u00bb header_3_font=\u00bbOswald|||on|||||\u00bb header_3_text_color=\u00bb#600e00&#8243; header_3_font_size=\u00bb40px\u00bb header_3_line_height=\u00bb1.5em\u00bb max_width=\u00bb600px\u00bb max_width_tablet=\u00bb\u00bb max_width_phone=\u00bb\u00bb max_width_last_edited=\u00bbon|phone\u00bb module_alignment=\u00bbleft\u00bb custom_margin=\u00bb||50px|||\u00bb locked=\u00bboff\u00bb global_colors_info=\u00bb{}\u00bb]<\/p>\n<h3>Escr\u00edbenos<\/h3>\n<p>[\/et_pb_text][et_pb_text _builder_version=\u00bb4.16&#8243; text_font=\u00bbPoppins|300|||||||\u00bb background_enable_color=\u00bboff\u00bb custom_padding=\u00bb|8px||8px|false|true\u00bb border_radii=\u00bbon|10px|10px|10px|10px\u00bb global_colors_info=\u00bb{}\u00bb]<div id=\"quform-300aa0\" class=\"quform quform-2 quform-theme-light quform-support-page-caching\"><form id=\"quform-form-300aa0\" class=\"quform-form quform-form-2\" action=\"\/web\/wp-json\/wp\/v2\/pages\/23#quform-300aa0\" method=\"post\" enctype=\"multipart\/form-data\" novalidate=\"novalidate\" data-options=\"{&quot;id&quot;:2,&quot;uniqueId&quot;:&quot;300aa0&quot;,&quot;theme&quot;:&quot;light&quot;,&quot;ajax&quot;:true,&quot;logic&quot;:{&quot;logic&quot;:[],&quot;dependents&quot;:[],&quot;elementIds&quot;:[],&quot;dependentElementIds&quot;:[],&quot;animate&quot;:true},&quot;currentPageId&quot;:1,&quot;errorsIcon&quot;:&quot;&quot;,&quot;updateFancybox&quot;:true,&quot;hasPages&quot;:false,&quot;pages&quot;:[1],&quot;pageProgressType&quot;:&quot;numbers&quot;,&quot;tooltipsEnabled&quot;:true,&quot;tooltipClasses&quot;:&quot;qtip-quform-dark qtip-shadow&quot;,&quot;tooltipMy&quot;:&quot;left center&quot;,&quot;tooltipAt&quot;:&quot;right center&quot;,&quot;isRtl&quot;:false,&quot;scrollOffset&quot;:-50,&quot;scrollSpeed&quot;:800}\"><button class=\"quform-default-submit\" name=\"quform_submit\" type=\"submit\" value=\"submit\" aria-hidden=\"true\" tabindex=\"-1\"><\/button><div class=\"quform-form-inner quform-form-inner-2\"><input type=\"hidden\" name=\"quform_form_id\" value=\"2\" \/><input type=\"hidden\" name=\"quform_form_uid\" value=\"300aa0\" \/><input type=\"hidden\" name=\"quform_count\" value=\"1\" \/><input type=\"hidden\" name=\"form_url\" value=\"https:\/\/fincabuenosairessalento.com\/web\/wp-json\/wp\/v2\/pages\/23\" \/><input type=\"hidden\" name=\"referring_url\" value=\"\" \/><input type=\"hidden\" name=\"post_id\" value=\"\" \/><input type=\"hidden\" name=\"post_title\" value=\"\" \/><input type=\"hidden\" name=\"quform_current_page_id\" value=\"1\" \/><input type=\"hidden\" name=\"quform_csrf_token\" value=\"qyI2F51xnFXTqRDjG7ibcQl27zaI6Uv6ZcrZoZtK\" \/><div class=\"quform-elements quform-elements-2 quform-cf quform-responsive-elements-phone-portrait\"><div class=\"quform-element quform-element-page quform-page-1 quform-page-2_1 quform-cf quform-group-style-plain quform-first-page quform-last-page quform-current-page\"><div class=\"quform-child-elements\"><div class=\"quform-element quform-element-name quform-element-2_4 quform-cf quform-element-optional\"><div class=\"quform-spacer\"><div class=\"quform-label quform-label-2_4\"><span class=\"quform-label-icon\"><i class=\"fa fa-user\"><\/i><\/span><label class=\"quform-label-text\" id=\"quform_2_4_300aa0_label\">Datos de contacto<\/label><\/div><div class=\"quform-inner quform-inner-name quform-inner-2_4\"><div class=\"quform-input quform-input-name quform-input-2_4 quform-cf\"><div class=\"quform-element-row quform-2-columns quform-element-row-size-fixed quform-responsive-columns-phone-portrait\"><div class=\"quform-element-column\"><div class=\"quform-element quform-element-text quform-element-2_4_2 quform-cf quform-element-optional\"><div class=\"quform-spacer\"><div class=\"quform-inner quform-inner-text quform-inner-2_4_2\"><div class=\"quform-input quform-input-text quform-input-2_4_2 quform-cf\"><input type=\"text\" id=\"quform_2_4_2_300aa0\" name=\"quform_2_4[2]\" class=\"quform-field quform-field-text quform-field-2_4_2\" aria-labelledby=\"quform_2_4_300aa0_label quform_2_4_2_300aa0_sub_label_below\" \/><\/div><label id=\"quform_2_4_2_300aa0_sub_label_below\" class=\"quform-sub-label quform-sub-label-below\">Nombre<\/label><\/div><\/div><\/div><\/div><div class=\"quform-element-column\"><div class=\"quform-element quform-element-text quform-element-2_4_4 quform-cf quform-element-optional\"><div class=\"quform-spacer\"><div class=\"quform-inner quform-inner-text quform-inner-2_4_4\"><div class=\"quform-input quform-input-text quform-input-2_4_4 quform-cf\"><input type=\"text\" id=\"quform_2_4_4_300aa0\" name=\"quform_2_4[4]\" class=\"quform-field quform-field-text quform-field-2_4_4\" aria-labelledby=\"quform_2_4_300aa0_label quform_2_4_4_300aa0_sub_label_below\" \/><\/div><label id=\"quform_2_4_4_300aa0_sub_label_below\" class=\"quform-sub-label quform-sub-label-below\">Apellido<\/label><\/div><\/div><\/div><\/div><\/div><\/div><\/div><\/div><\/div><div class=\"quform-element quform-element-row quform-element-row-2_15 quform-2-columns quform-element-row-size-fixed quform-responsive-columns-phone-portrait\"><div class=\"quform-element quform-element-column quform-element-2_16\"><div class=\"quform-element quform-element-email quform-element-2_5 quform-cf quform-element-required\"><div class=\"quform-spacer\"><div class=\"quform-label quform-label-2_5\"><span class=\"quform-label-icon\"><i class=\"fa fa-envelope\"><\/i><\/span><label class=\"quform-label-text\" for=\"quform_2_5_300aa0\">Correo Electr\u00f3nico<span class=\"quform-required\">*<\/span><\/label><\/div><div class=\"quform-inner quform-inner-email quform-inner-2_5\"><div class=\"quform-input quform-input-email quform-input-2_5 quform-cf\"><input type=\"email\" id=\"quform_2_5_300aa0\" name=\"quform_2_5\" class=\"quform-field quform-field-email quform-field-2_5\" \/><\/div><\/div><\/div><\/div><\/div><div class=\"quform-element quform-element-column quform-element-2_17\"><div class=\"quform-element quform-element-text quform-element-2_7 quform-cf quform-element-optional\"><div class=\"quform-spacer\"><div class=\"quform-label quform-label-2_7\"><span class=\"quform-label-icon\"><i class=\"fa fa-phone\"><\/i><\/span><label class=\"quform-label-text\" for=\"quform_2_7_300aa0\">Tel\u00e9fono<\/label><\/div><div class=\"quform-inner quform-inner-text quform-inner-2_7\"><div class=\"quform-input quform-input-text quform-input-2_7 quform-cf\"><input type=\"text\" id=\"quform_2_7_300aa0\" name=\"quform_2_7\" class=\"quform-field quform-field-text quform-field-2_7\" \/><\/div><\/div><\/div><\/div><\/div><\/div><div class=\"quform-element quform-element-textarea quform-element-2_6 quform-cf quform-element-optional\"><div class=\"quform-spacer\"><div class=\"quform-label quform-label-2_6\"><span class=\"quform-label-icon\"><i class=\"fa fa-comment\"><\/i><\/span><label class=\"quform-label-text\" for=\"quform_2_6_300aa0\">Mensaje<\/label><\/div><div class=\"quform-inner quform-inner-textarea quform-inner-2_6\"><div class=\"quform-input quform-input-textarea quform-input-2_6 quform-cf\"><textarea id=\"quform_2_6_300aa0\" name=\"quform_2_6\" class=\"quform-field quform-field-textarea quform-field-2_6\"><\/textarea><\/div><\/div><\/div><\/div><div class=\"quform-element quform-element-submit quform-element-2_2 quform-cf quform-button-style-theme quform-button-width-small\"><div class=\"quform-button-submit quform-button-submit-default quform-button-submit-2_2 quform-button-icon-right\"><button name=\"quform_submit\" type=\"submit\" class=\"quform-submit\" value=\"submit\"><span class=\"quform-button-text quform-button-submit-text\">Enviar<\/span><span class=\"quform-button-icon quform-button-submit-icon\"><i class=\"qicon-send\"><\/i><\/span><\/button><\/div><div class=\"quform-loading quform-loading-position-left quform-loading-type-spinner-1\"><div class=\"quform-loading-inner\"><div class=\"quform-loading-spinner\"><div class=\"quform-loading-spinner-inner\"><\/div><\/div><\/div><\/div><\/div><div class=\"quform-element-tree\"><label for=\"quform_2_0_300aa0\">This field should be left blank<\/label><input type=\"text\" id=\"quform_2_0_300aa0\" name=\"quform_2_0\" class=\"quform-field quform-field-tree quform-field-2_0\" tabindex=\"-1\" autocomplete=\"off\" \/><\/div><\/div><\/div><\/div><\/div><\/form><\/div>[\/et_pb_text][\/et_pb_column][\/et_pb_section]<\/p>\n","protected":false},"excerpt":{"rendered":"<p>Cont\u00e1ctenos\u00a1Un lugar m\u00e1gico! Estamos dedicados a la principal actividad de la regi\u00f3n.VisitanosTel\u00e9fono (+57) 317 240 8335Correo Electr\u00f3nico info@fincabuenosairessalento.comHorario de atenci\u00f3n 9: 00 AM &#8211; 3:30 PMS\u00edguenos Direcci\u00f3n Vereda Llano Grande, a 2.5 Kil\u00f3metros de la autopista del caf\u00e9 por la vereda los pinos o a 6 kil\u00f3metros desde Salento por la vereda palestinaEscr\u00edbenos<\/p>\n","protected":false},"author":1,"featured_media":0,"parent":0,"menu_order":0,"comment_status":"closed","ping_status":"closed","template":"","meta":{"_et_pb_use_builder":"on","_et_pb_old_content":"","_et_gb_content_width":"","_joinchat":[],"footnotes":""},"class_list":["post-23","page","type-page","status-publish","hentry"],"_links":{"self":[{"href":"https:\/\/fincabuenosairessalento.com\/web\/wp-json\/wp\/v2\/pages\/23","targetHints":{"allow":["GET"]}}],"collection":[{"href":"https:\/\/fincabuenosairessalento.com\/web\/wp-json\/wp\/v2\/pages"}],"about":[{"href":"https:\/\/fincabuenosairessalento.com\/web\/wp-json\/wp\/v2\/types\/page"}],"author":[{"embeddable":true,"href":"https:\/\/fincabuenosairessalento.com\/web\/wp-json\/wp\/v2\/users\/1"}],"replies":[{"embeddable":true,"href":"https:\/\/fincabuenosairessalento.com\/web\/wp-json\/wp\/v2\/comments?post=23"}],"version-history":[{"count":32,"href":"https:\/\/fincabuenosairessalento.com\/web\/wp-json\/wp\/v2\/pages\/23\/revisions"}],"predecessor-version":[{"id":2967,"href":"https:\/\/fincabuenosairessalento.com\/web\/wp-json\/wp\/v2\/pages\/23\/revisions\/2967"}],"wp:attachment":[{"href":"https:\/\/fincabuenosairessalento.com\/web\/wp-json\/wp\/v2\/media?parent=23"}],"curies":[{"name":"wp","href":"https:\/\/api.w.org\/{rel}","templated":true}]}}