{"id":64,"date":"2019-09-14T17:25:00","date_gmt":"2019-09-14T22:25:00","guid":{"rendered":"https:\/\/www.fincabuenosairessalento.com\/web\/?page_id=64"},"modified":"2026-02-10T22:15:19","modified_gmt":"2026-02-11T03:15:19","slug":"galeria","status":"publish","type":"page","link":"https:\/\/fincabuenosairessalento.com\/web\/galeria\/","title":{"rendered":"Galer\u00eda"},"content":{"rendered":"<p>[et_pb_section fb_built=\u00bb1&#8243; _builder_version=\u00bb4.27.4&#8243; _module_preset=\u00bbdefault\u00bb background_color=\u00bb#600e00&#8243; background_image=\u00bbhttps:\/\/fincabuenosairessalento.com\/web\/wp-content\/uploads\/2025\/09\/Gallery-1-fincabuenosairessalento-15.jpg\u00bb background_blend=\u00bbmultiply\u00bb custom_padding=\u00bb126px||130px||false|false\u00bb global_colors_info=\u00bb{}\u00bb][et_pb_row _builder_version=\u00bb4.16&#8243; _module_preset=\u00bbdefault\u00bb global_colors_info=\u00bb{}\u00bb][et_pb_column type=\u00bb4_4&#8243; _builder_version=\u00bb4.16&#8243; _module_preset=\u00bbdefault\u00bb global_colors_info=\u00bb{}\u00bb][et_pb_text _builder_version=\u00bb4.27.4&#8243; _module_preset=\u00bbdefault\u00bb header_font=\u00bbOswald|700||on|||||\u00bb header_text_color=\u00bb#FFFFFF\u00bb header_font_size=\u00bb4vw\u00bb header_font_size_tablet=\u00bb6vw\u00bb header_font_size_phone=\u00bb8vw\u00bb header_font_size_last_edited=\u00bbon|desktop\u00bb global_colors_info=\u00bb{}\u00bb]<\/p>\n<h1>Galer\u00eda<\/h1>\n<p>[\/et_pb_text][\/et_pb_column][\/et_pb_row][\/et_pb_section][et_pb_section fb_built=\u00bb1&#8243; _builder_version=\u00bb4.16&#8243; _module_preset=\u00bbdefault\u00bb custom_padding=\u00bb||1px|||\u00bb global_colors_info=\u00bb{}\u00bb][et_pb_row use_custom_gutter=\u00bbon\u00bb _builder_version=\u00bb4.16&#8243; _module_preset=\u00bbdefault\u00bb max_width=\u00bb600px\u00bb global_colors_info=\u00bb{}\u00bb][et_pb_column type=\u00bb4_4&#8243; _builder_version=\u00bb4.16&#8243; _module_preset=\u00bbdefault\u00bb global_colors_info=\u00bb{}\u00bb][et_pb_divider color=\u00bb#600e00&#8243; divider_weight=\u00bb2px\u00bb _builder_version=\u00bb4.27.4&#8243; _module_preset=\u00bbdefault\u00bb width=\u00bb19%\u00bb module_alignment=\u00bbcenter\u00bb global_colors_info=\u00bb{}\u00bb][\/et_pb_divider][et_pb_text _builder_version=\u00bb4.16&#8243; _module_preset=\u00bbdefault\u00bb text_font=\u00bbPoppins|300|||||||\u00bb text_orientation=\u00bbcenter\u00bb global_colors_info=\u00bb{}\u00bb]<\/p>\n<p>Seleccionamos los hermosos detalles que hacen \u00fanica a nuestra finca, aqu\u00ed podr\u00e1s ver a cada turista disfrutando en todos los recorridos.<\/p>\n<p>[\/et_pb_text][\/et_pb_column][\/et_pb_row][\/et_pb_section][et_pb_section fb_built=\u00bb1&#8243; admin_label=\u00bbVideo Section\u00bb _builder_version=\u00bb4.16&#8243; background_enable_color=\u00bboff\u00bb custom_margin=\u00bb50px||50px||true|false\u00bb custom_padding=\u00bb0px|0px|0px|0px\u00bb saved_tabs=\u00bball\u00bb locked=\u00bboff\u00bb global_colors_info=\u00bb{}\u00bb][et_pb_row use_custom_gutter=\u00bbon\u00bb gutter_width=\u00bb1&#8243; admin_label=\u00bbVideo Row\u00bb module_class=\u00bb et_pb_row_fullwidth\u00bb _builder_version=\u00bb4.27.4&#8243; width=\u00bb90%\u00bb width_tablet=\u00bb100%\u00bb width_phone=\u00bb\u00bb width_last_edited=\u00bbon|desktop\u00bb max_width=\u00bb100%\u00bb max_width_tablet=\u00bb100%\u00bb max_width_phone=\u00bb\u00bb max_width_last_edited=\u00bbon|desktop\u00bb custom_padding=\u00bb0px|0px|0px|0px\u00bb make_fullwidth=\u00bbon\u00bb global_colors_info=\u00bb{}\u00bb][et_pb_column type=\u00bb4_4&#8243; _builder_version=\u00bb4.16&#8243; custom_padding=\u00bb|||\u00bb global_colors_info=\u00bb{}\u00bb custom_padding__hover=\u00bb|||\u00bb][et_pb_gallery gallery_ids=\u00bb2381,2377,2376,2375,2374,2373,2372,2371,2370,2369,2368,2367,2366,2365,2364&#8243; posts_number=\u00bb16&#8243; orientation=\u00bbportrait\u00bb show_title_and_caption=\u00bboff\u00bb zoom_icon_color=\u00bb#FFFFFF\u00bb hover_overlay_color=\u00bbrgba(17,17,17,0)\u00bb hover_icon=\u00bb&#x30;||divi||400&#8243; _builder_version=\u00bb4.27.4&#8243; pagination_font=\u00bbMontserrat|300|||||||\u00bb pagination_text_align=\u00bbcenter\u00bb pagination_text_color=\u00bb#000000&#8243; child_filter_saturate=\u00bb0%\u00bb child_filter_brightness=\u00bb70%\u00bb hover_enabled=\u00bb0&#8243; box_shadow_style_image=\u00bbpreset6&#8243; box_shadow_blur_image=\u00bb30px\u00bb box_shadow_spread_image=\u00bb10px\u00bb global_colors_info=\u00bb{}\u00bb child_filter_saturate__hover_enabled=\u00bbon|desktop\u00bb child_filter_saturate__hover=\u00bb100%\u00bb sticky_enabled=\u00bb0&#8243;][\/et_pb_gallery][\/et_pb_column][\/et_pb_row][\/et_pb_section]<\/p>\n","protected":false},"excerpt":{"rendered":"<p>Galer\u00edaSeleccionamos los hermosos detalles que hacen \u00fanica a nuestra finca, aqu\u00ed podr\u00e1s ver a cada turista disfrutando en todos los recorridos.<\/p>\n","protected":false},"author":1,"featured_media":0,"parent":0,"menu_order":0,"comment_status":"closed","ping_status":"closed","template":"","meta":{"_et_pb_use_builder":"on","_et_pb_old_content":"","_et_gb_content_width":"","_joinchat":[],"footnotes":""},"class_list":["post-64","page","type-page","status-publish","hentry"],"_links":{"self":[{"href":"https:\/\/fincabuenosairessalento.com\/web\/wp-json\/wp\/v2\/pages\/64","targetHints":{"allow":["GET"]}}],"collection":[{"href":"https:\/\/fincabuenosairessalento.com\/web\/wp-json\/wp\/v2\/pages"}],"about":[{"href":"https:\/\/fincabuenosairessalento.com\/web\/wp-json\/wp\/v2\/types\/page"}],"author":[{"embeddable":true,"href":"https:\/\/fincabuenosairessalento.com\/web\/wp-json\/wp\/v2\/users\/1"}],"replies":[{"embeddable":true,"href":"https:\/\/fincabuenosairessalento.com\/web\/wp-json\/wp\/v2\/comments?post=64"}],"version-history":[{"count":33,"href":"https:\/\/fincabuenosairessalento.com\/web\/wp-json\/wp\/v2\/pages\/64\/revisions"}],"predecessor-version":[{"id":2388,"href":"https:\/\/fincabuenosairessalento.com\/web\/wp-json\/wp\/v2\/pages\/64\/revisions\/2388"}],"wp:attachment":[{"href":"https:\/\/fincabuenosairessalento.com\/web\/wp-json\/wp\/v2\/media?parent=64"}],"curies":[{"name":"wp","href":"https:\/\/api.w.org\/{rel}","templated":true}]}}